{"id":126,"date":"2026-03-10T02:05:33","date_gmt":"2026-03-10T02:05:33","guid":{"rendered":"https:\/\/mentoriahispana.com\/sistemalar\/?post_type=product&#038;p=126"},"modified":"2026-04-21T08:13:47","modified_gmt":"2026-04-21T08:13:47","slug":"sistema-lider-de-alta-rentabilidad","status":"publish","type":"product","link":"https:\/\/mentoriahispana.com\/sistemalar\/index.php\/producto\/sistema-lider-de-alta-rentabilidad\/","title":{"rendered":"SISTEMA L\u00cdDER DE ALTA RENTABILIDAD"},"content":{"rendered":"<h2>SISTEMA DE: \u00abLiderazgo de Alta Rentabilidad\u00bb<\/h2>\n<p>Transformando Equipos Operativos en Motores de Resultados<br \/>\nEste sistema no es una simple capacitaci\u00f3n; es la ruta para alcanzar un nuevo Sistema Operativo Organizacional. Se trata de un programa estrat\u00e9gico dise\u00f1ado para empresas que buscan cerrar la brecha entre el potencial de su talento y los objetivos del negocio. Basado en la metodolog\u00eda de John C. Maxwell y estudios avanzados de gesti\u00f3n organizacional, ayudamos a sus l\u00edderes a evolucionar de la gesti\u00f3n operativa hacia la influencia real.<\/p>\n<p>Para lograr cambios significativos y sostenibles, la estrategia es realizar la transformaci\u00f3n de\u00a0 \u00abDe Adentro Hacia Afuera\u00bb por ello,\u00a0 nuestro sistema se fundamenta en dos programas esenciales que desarrollan al individuo de manera integral:<\/p>\n<h3>Pilar 1: EL SER | Programa: Desarrollo de L\u00edderes<\/h3>\n<p>Este pilar sostiene que el desarrollo organizacional nace del crecimiento personal. Basado en la premisa de John C. Maxwell: \u00abEl liderazgo es influencia; nada m\u00e1s, nada menos\u00bb. Su enfoque est\u00e1 en fomentar el autoliderazgo, la responsabilidad y el trabajo colaborativo. Nuestro objetivo es orientar el liderazgo hacia esa visi\u00f3n integral, transformando la gesti\u00f3n individual en un motor para el \u00e9xito del equipo.\u00bb<\/p>\n<h3>Pilar 2: EL HACER | Programa: H.A.R. (H\u00e1bitos de Alto Rentabilidad)<\/h3>\n<p>Sustentar la acci\u00f3n de tareas diarias\u00a0 en principios de gesti\u00f3n organizacional y econom\u00eda conductual, entrenando en microh\u00e1bitos que optimizan los recursos m\u00e1s valiosos: tiempo, energ\u00eda y capital.<\/p>\n","protected":false},"excerpt":{"rendered":"<p>Deja de gestionar crisis y empieza a liderar resultados extraordinarios.<\/p>\n","protected":false},"featured_media":131,"comment_status":"open","ping_status":"closed","template":"","meta":[],"product_brand":[],"product_cat":[24],"product_tag":[27,29,28,26],"class_list":{"0":"post-126","1":"product","2":"type-product","3":"status-publish","4":"has-post-thumbnail","6":"product_cat-liderazgo-autentico-e-influyente","7":"product_tag-equipo","8":"product_tag-equipo-de-alta-rentabilidad","9":"product_tag-equipo-de-alto-impacto","10":"product_tag-liderazgo","12":"first","13":"instock","14":"shipping-taxable","15":"purchasable","16":"product-type-variable"},"_links":{"self":[{"href":"https:\/\/mentoriahispana.com\/sistemalar\/index.php\/wp-json\/wp\/v2\/product\/126","targetHints":{"allow":["GET"]}}],"collection":[{"href":"https:\/\/mentoriahispana.com\/sistemalar\/index.php\/wp-json\/wp\/v2\/product"}],"about":[{"href":"https:\/\/mentoriahispana.com\/sistemalar\/index.php\/wp-json\/wp\/v2\/types\/product"}],"replies":[{"embeddable":true,"href":"https:\/\/mentoriahispana.com\/sistemalar\/index.php\/wp-json\/wp\/v2\/comments?post=126"}],"wp:featuredmedia":[{"embeddable":true,"href":"https:\/\/mentoriahispana.com\/sistemalar\/index.php\/wp-json\/wp\/v2\/media\/131"}],"wp:attachment":[{"href":"https:\/\/mentoriahispana.com\/sistemalar\/index.php\/wp-json\/wp\/v2\/media?parent=126"}],"wp:term":[{"taxonomy":"product_brand","embeddable":true,"href":"https:\/\/mentoriahispana.com\/sistemalar\/index.php\/wp-json\/wp\/v2\/product_brand?post=126"},{"taxonomy":"product_cat","embeddable":true,"href":"https:\/\/mentoriahispana.com\/sistemalar\/index.php\/wp-json\/wp\/v2\/product_cat?post=126"},{"taxonomy":"product_tag","embeddable":true,"href":"https:\/\/mentoriahispana.com\/sistemalar\/index.php\/wp-json\/wp\/v2\/product_tag?post=126"}],"curies":[{"name":"wp","href":"https:\/\/api.w.org\/{rel}","templated":true}]}}